{"id":52,"date":"2020-06-03T19:33:07","date_gmt":"2020-06-03T16:33:07","guid":{"rendered":"http:\/\/demo.safirtema.com\/rota\/?page_id=52"},"modified":"2024-05-04T16:06:29","modified_gmt":"2024-05-04T13:06:29","slug":"sikca-sorulan-sorular","status":"publish","type":"page","link":"https:\/\/arzumevdenevenakliyat.com.tr\/?page_id=52","title":{"rendered":"S\u0131k\u00e7a Sorulan Sorular"},"content":{"rendered":"\n<p><\/p>\n\n\n\n<div class=\"wp-block-safirtema-sorucevap safir-faq\"><div class=\"question\"><div class=\"safiricon icon\"><svg class=\"safiricon-icon49\"><use href=\"#safiricon-icon49\"><\/use><\/svg><\/div><span class=\"text\">Evden eve nakliyat s\u00fcreci nas\u0131l i\u015fler?<\/span><div class=\"openclose\"><\/div><\/div><p class=\"answer\">Evden eve nakliyat s\u00fcreci, ta\u015f\u0131ma \u015firketi taraf\u0131ndan yap\u0131lan bir \u00f6n ke\u015fif ile ba\u015flar. Ard\u0131ndan, ta\u015f\u0131nacak e\u015fyalar\u0131n paketlenmesi, y\u00fcklenmesi, ta\u015f\u0131nmas\u0131 ve yerle\u015ftirilmesi gibi ad\u0131mlar\u0131 i\u00e7erir.<\/p><\/div>\n\n\n\n<div class=\"wp-block-safirtema-sorucevap safir-faq\"><div class=\"question\"><div class=\"safiricon icon\"><svg class=\"safiricon-icon49\"><use href=\"#safiricon-icon49\"><\/use><\/svg><\/div><span class=\"text\">Evden eve nakliyat i\u00e7in ne zaman rezervasyon yap\u0131lmal\u0131d\u0131r?<\/span><div class=\"openclose\"><\/div><\/div><p class=\"answer\">Evden eve nakliyat i\u00e7in rezervasyon yapman\u0131n en iyi zaman\u0131, ta\u015f\u0131nma tarihinden en az birka\u00e7 hafta \u00f6nce olmal\u0131d\u0131r. Ancak, m\u00fcmk\u00fcnse daha fazla zaman \u00f6ncesinde re<\/p><\/div>\n\n\n\n<div class=\"wp-block-safirtema-sorucevap safir-faq\"><div class=\"question\"><div class=\"safiricon icon\"><svg class=\"safiricon-icon49\"><use href=\"#safiricon-icon49\"><\/use><\/svg><\/div><span class=\"text\">Nakliyat firmas\u0131 se\u00e7erken nelere dikkat edilmelidir?<\/span><div class=\"openclose\"><\/div><\/div><p class=\"answer\">Nakliyat firmas\u0131 se\u00e7erken dikkat edilmesi gereken fakt\u00f6rler aras\u0131nda deneyim, lisans ve sigorta durumu, referanslar, fiyatland\u0131rma ve hizmet kalitesi gibi fakt\u00f6rler bulunur..<\/p><\/div>\n\n\n\n<div class=\"wp-block-safirtema-sorucevap safir-faq\"><div class=\"question\"><div class=\"safiricon icon\"><svg class=\"safiricon-icon49\"><use href=\"#safiricon-icon49\"><\/use><\/svg><\/div><span class=\"text\">E\u015fyalar nas\u0131l paketlenmeli ve korunmal\u0131d\u0131r?<\/span><div class=\"openclose\"><\/div><\/div><p class=\"answer\">E\u015fyalar\u0131n paketlenmesi i\u00e7in uygun malzemeler kullan\u0131lmal\u0131 ve k\u0131r\u0131lacak e\u015fyalar \u00f6zel olarak korunmal\u0131d\u0131r. K\u0131r\u0131labilir e\u015fyalar i\u00e7in balonlu naylon veya k\u00f6p\u00fck ambalajlar tercih edilmelidir.<\/p><\/div>\n\n\n\n<div class=\"wp-block-safirtema-sorucevap safir-faq\"><div class=\"question\"><div class=\"safiricon icon\"><svg class=\"safiricon-icon49\"><use href=\"#safiricon-icon49\"><\/use><\/svg><\/div><span class=\"text\">Ta\u015f\u0131ma g\u00fcn\u00fc nelere dikkat edilmelidir?<\/span><div class=\"openclose\"><\/div><\/div><p class=\"answer\">Ta\u015f\u0131ma g\u00fcn\u00fc, nakliyat ekibinin eve gelmeden \u00f6nce e\u015fyalar\u0131n haz\u0131r olmas\u0131 \u00f6nemlidir. Ayr\u0131ca, ta\u015f\u0131ma s\u0131ras\u0131nda nakliyat ekibine yard\u0131mc\u0131 olunmas\u0131 ve ta\u015f\u0131nacak \u00f6zel e\u015fyalar\u0131n belirtilmesi \u00f6nemlidir.<\/p><\/div>\n\n\n\n<div class=\"wp-block-safirtema-sorucevap safir-faq\"><div class=\"question\"><div class=\"safiricon icon\"><svg class=\"safiricon-icon49\"><use href=\"#safiricon-icon49\"><\/use><\/svg><\/div><span class=\"text\">Sigorta nedir ve nakliyat s\u00fcrecinde nas\u0131l \u00f6nemlidir?<\/span><div class=\"openclose\"><\/div><\/div><p class=\"answer\">Sigorta, ta\u015f\u0131nan e\u015fyalar\u0131n potansiyel zararlar\u0131na kar\u015f\u0131 koruma sa\u011flar. Nakliyat s\u00fcrecinde, ta\u015f\u0131ma firmas\u0131 taraf\u0131ndan sa\u011flanan sigorta se\u00e7enekleri incelenmeli ve gerekti\u011finde ek sigorta al\u0131nmal\u0131d\u0131r.<\/p><\/div>\n","protected":false},"excerpt":{"rendered":"","protected":false},"author":1,"featured_media":0,"parent":0,"menu_order":0,"comment_status":"closed","ping_status":"closed","template":"","meta":{"footnotes":""},"class_list":["post-52","page","type-page","status-publish","hentry"],"_links":{"self":[{"href":"https:\/\/arzumevdenevenakliyat.com.tr\/index.php?rest_route=\/wp\/v2\/pages\/52","targetHints":{"allow":["GET"]}}],"collection":[{"href":"https:\/\/arzumevdenevenakliyat.com.tr\/index.php?rest_route=\/wp\/v2\/pages"}],"about":[{"href":"https:\/\/arzumevdenevenakliyat.com.tr\/index.php?rest_route=\/wp\/v2\/types\/page"}],"author":[{"embeddable":true,"href":"https:\/\/arzumevdenevenakliyat.com.tr\/index.php?rest_route=\/wp\/v2\/users\/1"}],"replies":[{"embeddable":true,"href":"https:\/\/arzumevdenevenakliyat.com.tr\/index.php?rest_route=%2Fwp%2Fv2%2Fcomments&post=52"}],"version-history":[{"count":2,"href":"https:\/\/arzumevdenevenakliyat.com.tr\/index.php?rest_route=\/wp\/v2\/pages\/52\/revisions"}],"predecessor-version":[{"id":476,"href":"https:\/\/arzumevdenevenakliyat.com.tr\/index.php?rest_route=\/wp\/v2\/pages\/52\/revisions\/476"}],"wp:attachment":[{"href":"https:\/\/arzumevdenevenakliyat.com.tr\/index.php?rest_route=%2Fwp%2Fv2%2Fmedia&parent=52"}],"curies":[{"name":"wp","href":"https:\/\/api.w.org\/{rel}","templated":true}]}}